{"id":940,"date":"2012-02-02T16:53:22","date_gmt":"2012-02-02T15:53:22","guid":{"rendered":"http:\/\/www.philipelchers.nl\/wordpress\/product\/de-vogelvrijheid-van-jan-steen\/"},"modified":"2024-09-20T12:11:22","modified_gmt":"2024-09-20T10:11:22","slug":"de-vogelvrijheid-van-jan-steen","status":"publish","type":"product","link":"https:\/\/www.philipelchers.nl\/wordpress\/product\/de-vogelvrijheid-van-jan-steen\/","title":{"rendered":"De vogelvrijheid van Jan Steen"},"content":{"rendered":"<p>Afgewisseld door een selectie van Steens beste werk vertellen Eric Bos, Albert Heijdens, Cox Habbema, C.O. Jellema, Herman van Hoogdalem, Luc Boyer, Sam Drukker, Mia Prins, P\u00e9p\u00e9 Gr\u00e9goire en Jan Steen zelf over de kunstenaar en zijn werk.<br \/>\nVerschenen ter gelegenheid van de 70ste verjaardag van beeldend kunstenaar Jan Steen.<\/p>\n<p>\u2022 96 pagina&#8217;s<br \/>\n\u2022 30,5 x 23 cm<br \/>\n\u2022 inclusief Beeldlijn-dvd met performance van Jan Steen<\/p>\n","protected":false},"excerpt":{"rendered":"<p>In het boek wordt de kunstenaar en mens Jan Steen, die in 2016 overleed, door een keur aan collega\u2019s en vrienden geroemd, bekritiseerd en vooral gewaardeerd. De tekstuele bijdragen cre\u00ebren een kleurrijk palet met indrukken van, herinneringen aan en analyses over de kunstenaar en zijn werk.<\/p>\n","protected":false},"featured_media":941,"template":"","meta":[],"product_brand":[],"product_cat":[6,809],"product_tag":[1019,1022,121,119],"class_list":{"0":"post-940","1":"product","2":"type-product","3":"status-publish","4":"has-post-thumbnail","6":"product_cat-leverbare-boeken","7":"product_cat-over-beeldende-kunst","8":"product_tag-afscheidsexpositie","9":"product_tag-jan-steen","10":"product_tag-leverbare-boeken","11":"product_tag-over-beeldende-kunst","13":"first","14":"instock","15":"sale","16":"taxable","17":"shipping-taxable","18":"purchasable","19":"product-type-simple"},"_links":{"self":[{"href":"https:\/\/www.philipelchers.nl\/wordpress\/wp-json\/wp\/v2\/product\/940","targetHints":{"allow":["GET"]}}],"collection":[{"href":"https:\/\/www.philipelchers.nl\/wordpress\/wp-json\/wp\/v2\/product"}],"about":[{"href":"https:\/\/www.philipelchers.nl\/wordpress\/wp-json\/wp\/v2\/types\/product"}],"wp:featuredmedia":[{"embeddable":true,"href":"https:\/\/www.philipelchers.nl\/wordpress\/wp-json\/wp\/v2\/media\/941"}],"wp:attachment":[{"href":"https:\/\/www.philipelchers.nl\/wordpress\/wp-json\/wp\/v2\/media?parent=940"}],"wp:term":[{"taxonomy":"product_brand","embeddable":true,"href":"https:\/\/www.philipelchers.nl\/wordpress\/wp-json\/wp\/v2\/product_brand?post=940"},{"taxonomy":"product_cat","embeddable":true,"href":"https:\/\/www.philipelchers.nl\/wordpress\/wp-json\/wp\/v2\/product_cat?post=940"},{"taxonomy":"product_tag","embeddable":true,"href":"https:\/\/www.philipelchers.nl\/wordpress\/wp-json\/wp\/v2\/product_tag?post=940"}],"curies":[{"name":"wp","href":"https:\/\/api.w.org\/{rel}","templated":true}]}}