{"id":1916,"date":"2012-10-18T12:41:22","date_gmt":"2012-10-18T10:41:22","guid":{"rendered":"http:\/\/www.philipelchers.nl\/wordpress\/product\/edith-sodergran-tussen-zon-en-zuiden-tussen-noord-en-nacht-luxe-editie\/"},"modified":"2024-12-06T12:44:56","modified_gmt":"2024-12-06T11:44:56","slug":"edith-sodergran-tussen-zon-en-zuiden-tussen-noord-en-nacht-luxe-editie","status":"publish","type":"product","link":"https:\/\/www.philipelchers.nl\/wordpress\/product\/edith-sodergran-tussen-zon-en-zuiden-tussen-noord-en-nacht-luxe-editie\/","title":{"rendered":"Edith S\u00f6dergran, Tussen zon en zuiden, tussen noord en nacht &#8211; luxe editie"},"content":{"rendered":"<p><b>Anders dan in andere landen is het werk van de Zweeds-Finse dichteres Edith S\u00f6dergran (1892-1923) in Nederland nog helemaal niet bekend. Kenners typeren haar als de belangrijkste vertegenwoordigster van de Zweedstalige po\u00ebzie uit het begin van de twintigste eeuw.<br \/>\nVertaalster Jytte Kronig (voormalig docent Deense taal- en letterkunde) stelde de bloemlezing samen en fotografe Kim Jonker stelde foto\u2019s beschikbaar die de beleving van de gedichten verdiepen.<\/b><\/p>\n<p>Edith S\u00f6dergrans po\u00ebzie bracht toentertijd een schok teweeg. Het conservatieve Finland, dat gewend was aan vormvaste, welluidende fin de si\u00e8clepo\u00ebzie kon niet uit de voeten met haar vrije vorm- en beeldtaal en al helemaal niet met zo\u2019n krachtige po\u00ebtische stem afkomstig van een vrouw. Er waren maar een paar critici die in de gaten hadden dat er iets bijzonders aan het gebeuren was: de doorbraak van een nieuw soort po\u00ebzie. Haar invloed op latere Zweedstalige po\u00ebzie is groot geweest. Ook internationaal komt Edith S\u00f6dergran steeds meer naar voren als belangrijk dichter, in \u00e9\u00e9n adem genoemd met tijdgenoten als P\u00e4r Lagerkvist en Vilhelm Ekelund.<\/p>\n<p>De dichtbundel <i>Tussen zon en zuiden, tussen noord en nacht<\/i> verscheen als A5+ gebonden boek. Het binnenwerk telt 92 pagina\u2019s zwart gedrukt.<\/p>\n<p>\u2022 luxe editie<\/p>\n","protected":false},"excerpt":{"rendered":"<p>Anders dan in andere landen is het werk van de Zweeds-Finse dichteres Edith S\u00f6dergran (1892-1923) in Nederland nog helemaal niet bekend. Kenners typeren haar als de belangrijkste vertegenwoordigster van de Zweedstalige po\u00ebzie uit het begin van de twintigste eeuw. Vertaalster Jytte Kronig (voormalig docent Deense taal- en letterkunde) stelde de bloemlezing samen en fotografe Kim [&hellip;]<\/p>\n","protected":false},"featured_media":1175,"template":"","meta":[],"product_brand":[],"product_cat":[7,6,8,142],"product_tag":[130,1019,268,121,131],"class_list":{"0":"post-1916","1":"product","2":"type-product","3":"status-publish","4":"has-post-thumbnail","6":"product_cat-beeldende-kunst","7":"product_cat-leverbare-boeken","8":"product_cat-literatuur","9":"product_cat-luxe-geschenken","10":"product_tag-beeldende-kunst","11":"product_tag-afscheidsexpositie","12":"product_tag-edith-sodergran","13":"product_tag-leverbare-boeken","14":"product_tag-literatuur","16":"first","17":"instock","18":"sale","19":"taxable","20":"shipping-taxable","21":"purchasable","22":"product-type-simple"},"_links":{"self":[{"href":"https:\/\/www.philipelchers.nl\/wordpress\/wp-json\/wp\/v2\/product\/1916","targetHints":{"allow":["GET"]}}],"collection":[{"href":"https:\/\/www.philipelchers.nl\/wordpress\/wp-json\/wp\/v2\/product"}],"about":[{"href":"https:\/\/www.philipelchers.nl\/wordpress\/wp-json\/wp\/v2\/types\/product"}],"wp:featuredmedia":[{"embeddable":true,"href":"https:\/\/www.philipelchers.nl\/wordpress\/wp-json\/wp\/v2\/media\/1175"}],"wp:attachment":[{"href":"https:\/\/www.philipelchers.nl\/wordpress\/wp-json\/wp\/v2\/media?parent=1916"}],"wp:term":[{"taxonomy":"product_brand","embeddable":true,"href":"https:\/\/www.philipelchers.nl\/wordpress\/wp-json\/wp\/v2\/product_brand?post=1916"},{"taxonomy":"product_cat","embeddable":true,"href":"https:\/\/www.philipelchers.nl\/wordpress\/wp-json\/wp\/v2\/product_cat?post=1916"},{"taxonomy":"product_tag","embeddable":true,"href":"https:\/\/www.philipelchers.nl\/wordpress\/wp-json\/wp\/v2\/product_tag?post=1916"}],"curies":[{"name":"wp","href":"https:\/\/api.w.org\/{rel}","templated":true}]}}